{"id":22170,"date":"2024-05-23T07:22:57","date_gmt":"2024-05-23T07:22:57","guid":{"rendered":"https:\/\/marinagrup.es\/?page_id=22170"},"modified":"2024-06-06T10:22:10","modified_gmt":"2024-06-06T10:22:10","slug":"invictusgt280","status":"publish","type":"page","link":"https:\/\/marinagrup.es\/fr\/invictusgt280\/","title":{"rendered":"GT280"},"content":{"rendered":"<div class=\"wpb-content-wrapper\"><div data-vc-full-width=\"true\" data-vc-full-width-init=\"false\" data-vc-stretch-content=\"true\" class=\"vc_row wpb_row vc_row-fluid vc_custom_1715715413800 vc_row-has-fill vc_row-no-padding\"><div class=\"wpb_column vc_column_container vc_col-sm-12 vc_hidden-sm vc_hidden-xs vc_col-has-fill\"><div class=\"vc_column-inner  vc_custom_1716457577300\"><div class=\"wpb_wrapper\"><div  class=\"wpb_single_image vc_align_center\">\n                <div class=\"wpb_wrapper vc_figure\">\n\t\t\t        <div class=\"vc_single_image-wrapper\"><img loading=\"lazy\" decoding=\"async\" width=\"1700\" height=\"308\" src=\"https:\/\/marinagrup.es\/wp-content\/uploads\/2024\/05\/Landing-Invictus-GT280-A.jpg\" class=\"vc_single_image-img attachment-full\" alt=\"\" title=\"Landing-Invictus-GT280-A\" \/><\/div>\n\t\t        <\/div> \n\t\t   <\/div><\/div><\/div><\/div><\/div><div class=\"vc_row-full-width vc_clearfix\"><\/div><div data-vc-full-width=\"true\" data-vc-full-width-init=\"false\" data-vc-stretch-content=\"true\" class=\"vc_row wpb_row vc_row-fluid vc_row-no-padding\"><div class=\"wpb_column vc_column_container vc_col-sm-12\"><div class=\"vc_column-inner  vc_custom_1715886834473\"><div class=\"wpb_wrapper\">\n\t\t\t<!-- START GT280 REVOLUTION SLIDER 6.7.20 --><p class=\"rs-p-wp-fix\"><\/p>\n\t\t\t<rs-module-wrap id=\"rev_slider_6_1_wrapper\" data-source=\"gallery\" style=\"visibility:hidden;background:transparent;padding:0;margin:0px auto;margin-top:0;margin-bottom:0;\">\n\t\t\t\t<rs-module id=\"rev_slider_6_1\" style=\"\" data-version=\"6.7.20\">\n\t\t\t\t\t<rs-slides style=\"overflow: hidden; position: absolute;\">\n\t\t\t\t\t\t<rs-slide style=\"position: absolute;\" data-key=\"rs-13\" data-title=\"Slide\" data-anim=\"adpr:false;\" data-in=\"o:0;\" data-out=\"a:false;\">\n\t\t\t\t\t\t\t<img decoding=\"async\" src=\"\/\/marinagrup.es\/wp-content\/plugins\/revslider\/sr6\/assets\/assets\/dummy.png\" alt=\"\" title=\"Landing-Invictus-GT280-B\" width=\"1700\" height=\"921\" class=\"rev-slidebg tp-rs-img rs-lazyload\" data-lazyload=\"\/\/marinagrup.es\/wp-content\/uploads\/2022\/03\/Landing-Invictus-GT280-B.jpg\" data-no-retina>\n\t\t\t\t\t\t\t<rs-bgvideo \n\t\t\t\t\t\t\t\tdata-video=\"w:100%;h:100%;nse:false;rwd:false;l:true;ptimer:false;vfc:true;\"\n\t\t\t\t\t\t\t\tdata-mp4=\"\/\/www.marinagrup.es\/wp-content\/uploads\/2022\/03\/Invictus-GT280-spot.mp4\"\n\t\t\t\t\t\t\t><\/rs-bgvideo>\n<!--\n\t\t\t\t\t\t\t--><rs-layer\n\t\t\t\t\t\t\t\tid=\"slider-6-slide-13-layer-0\" \n\t\t\t\t\t\t\t\tdata-type=\"text\"\n\t\t\t\t\t\t\t\tdata-rsp_ch=\"on\"\n\t\t\t\t\t\t\t\tdata-xy=\"x:l,l,c,c;xo:49px,40px,0,0;y:m;yo:-82px,-67px,-124px,-93px;\"\n\t\t\t\t\t\t\t\tdata-text=\"w:normal;s:18,14,21,19;l:25,20,21,21;ls:2px,1px,0px,0px;fw:500;\"\n\t\t\t\t\t\t\t\tdata-frame_0=\"o:1;\"\n\t\t\t\t\t\t\t\tdata-frame_0_chars=\"d:5;x:-105%;o:0;rZ:-90deg;\"\n\t\t\t\t\t\t\t\tdata-frame_0_mask=\"u:t;\"\n\t\t\t\t\t\t\t\tdata-frame_1=\"sp:1200;\"\n\t\t\t\t\t\t\t\tdata-frame_1_chars=\"e:power4.inOut;dir:backward;d:10;rZ:0deg;\"\n\t\t\t\t\t\t\t\tdata-frame_1_mask=\"u:t;\"\n\t\t\t\t\t\t\t\tdata-frame_999=\"o:0;st:w;\"\n\t\t\t\t\t\t\t\tstyle=\"z-index:9;font-family:'Montserrat';\"\n\t\t\t\t\t\t\t> \n\t\t\t\t\t\t\t<\/rs-layer><!--\n\n\t\t\t\t\t\t\t--><rs-layer\n\t\t\t\t\t\t\t\tid=\"slider-6-slide-13-layer-1\" \n\t\t\t\t\t\t\t\tdata-type=\"text\"\n\t\t\t\t\t\t\t\tdata-rsp_ch=\"on\"\n\t\t\t\t\t\t\t\tdata-xy=\"x:l,l,c,c;xo:45px,37px,0,0;y:m;yo:20px,16px,12px,-25px;\"\n\t\t\t\t\t\t\t\tdata-text=\"w:normal;s:56,46,34,30;l:73,60,45,36;fw:700;a:left,left,center,center;\"\n\t\t\t\t\t\t\t\tdata-frame_0=\"rX:70deg;oZ:-50;\"\n\t\t\t\t\t\t\t\tdata-frame_1=\"oZ:-50;e:power4.inOut;sp:1750;\"\n\t\t\t\t\t\t\t\tdata-frame_999=\"o:0;st:w;\"\n\t\t\t\t\t\t\t\tstyle=\"z-index:10;font-family:'Montserrat';\"\n\t\t\t\t\t\t\t> \n\t\t\t\t\t\t\t<\/rs-layer><!--\n\n\t\t\t\t\t\t\t--><rs-layer\n\t\t\t\t\t\t\t\tid=\"slider-6-slide-13-layer-2\" \n\t\t\t\t\t\t\t\tclass=\"fl-secondary-color fl-font-style-semi-bolt header-custom-decor-rev-slider\"\n\t\t\t\t\t\t\t\tdata-type=\"text\"\n\t\t\t\t\t\t\t\tdata-rsp_ch=\"on\"\n\t\t\t\t\t\t\t\tdata-xy=\"x:l,l,c,c;xo:48px,39px,0,0;yo:559px,461px,522px,393px;\"\n\t\t\t\t\t\t\t\tdata-text=\"w:normal;s:24,19,21,18;l:32,26,26,21;fw:500;a:center;\"\n\t\t\t\t\t\t\t\tdata-actions='o:click;a:scrollbelow;sp:1000ms;e:power1.inOut;'\n\t\t\t\t\t\t\t\tdata-frame_0=\"y:50,41,31,19;\"\n\t\t\t\t\t\t\t\tdata-frame_1=\"sp:1000;\"\n\t\t\t\t\t\t\t\tdata-frame_999=\"o:0;st:w;\"\n\t\t\t\t\t\t\t\tstyle=\"z-index:11;font-family:'Montserrat';\"\n\t\t\t\t\t\t\t> \n\t\t\t\t\t\t\t<\/rs-layer><!--\n\n\t\t\t\t\t\t\t--><rs-layer\n\t\t\t\t\t\t\t\tid=\"slider-6-slide-13-layer-3\" \n\t\t\t\t\t\t\t\tdata-type=\"shape\"\n\t\t\t\t\t\t\t\tdata-rsp_ch=\"on\"\n\t\t\t\t\t\t\t\tdata-xy=\"xo:1px,0,0,0;\"\n\t\t\t\t\t\t\t\tdata-text=\"w:normal;s:20,16,12,7;l:0,20,15,9;\"\n\t\t\t\t\t\t\t\tdata-dim=\"w:100%;h:100%;\"\n\t\t\t\t\t\t\t\tdata-basealign=\"slide\"\n\t\t\t\t\t\t\t\tdata-frame_999=\"o:0;st:w;\"\n\t\t\t\t\t\t\t\tstyle=\"z-index:8;background-color:rgba(0,0,0,0.3);\"\n\t\t\t\t\t\t\t> \n\t\t\t\t\t\t\t<\/rs-layer><!--\n-->\t\t\t\t\t<\/rs-slide>\n\t\t\t\t\t<\/rs-slides>\n\t\t\t\t<\/rs-module>\n\t\t\t\t<script>\n\t\t\t\t\tsetREVStartSize({c: 'rev_slider_6_1',rl:[1240,1024,778,480],el:[900,768,960,720],gw:[1240,1024,778,480],gh:[900,768,960,720],type:'standard',justify:'',layout:'fullwidth',mh:\"0\"});if (window.RS_MODULES!==undefined && window.RS_MODULES.modules!==undefined && window.RS_MODULES.modules[\"revslider61\"]!==undefined) {window.RS_MODULES.modules[\"revslider61\"].once = false;window.revapi6 = undefined;if (window.RS_MODULES.checkMinimal!==undefined) window.RS_MODULES.checkMinimal()}\n\t\t\t\t<\/script>\n\t\t\t<\/rs-module-wrap>\n\t\t\t<!-- END REVOLUTION SLIDER -->\n<\/div><\/div><\/div><\/div><div class=\"vc_row-full-width vc_clearfix\"><\/div><div class=\"vc_row wpb_row vc_row-fluid\"><div class=\"wpb_column vc_column_container vc_col-sm-12\"><div class=\"vc_column-inner\"><div class=\"wpb_wrapper\"><div  data-animate-type=\"slideUpIn\" class=\"fl-animated-item-velocity wpb_single_image vc_align_center\">\n                <div class=\"wpb_wrapper vc_figure\">\n\t\t\t        <div class=\"vc_single_image-wrapper\"><img loading=\"lazy\" decoding=\"async\" width=\"1700\" height=\"1087\" src=\"https:\/\/marinagrup.es\/wp-content\/uploads\/2024\/05\/Landing-Invictus-GT280-C.jpg\" class=\"vc_single_image-img attachment-full\" alt=\"\" title=\"Landing-Invictus-GT280-C\" \/><\/div>\n\t\t        <\/div> \n\t\t   <\/div><\/div><\/div><\/div><\/div><div data-vc-full-width=\"true\" data-vc-full-width-init=\"false\" data-vc-stretch-content=\"true\" class=\"vc_row wpb_row vc_row-fluid\"><div class=\"wpb_column vc_column_container vc_col-sm-12 vc_hidden-lg vc_hidden-md\"><div class=\"vc_column-inner\"><div class=\"wpb_wrapper\"><div class=\"wpb_gallery wpb_content_element vc_clearfix vc_custom_1715716953680 wpb_content_element\" ><div class=\"wpb_wrapper\"><div class=\"wpb_gallery_slides wpb_flexslider flexslider_slide flexslider\" data-interval=\"3\" data-flex_fx=\"slide\"><ul class=\"slides\"><li><a class=\"\" href=\"https:\/\/marinagrup.es\/wp-content\/uploads\/2024\/05\/InvictusYacht_GT280_16-1024x683.jpg\" data-lightbox=\"lightbox[rel-22170-2712493079]\"><img loading=\"lazy\" decoding=\"async\" width=\"1024\" height=\"683\" src=\"https:\/\/marinagrup.es\/wp-content\/uploads\/2024\/05\/InvictusYacht_GT280_16-1024x683.jpg\" class=\"attachment-large\" alt=\"\" title=\"InvictusYacht_GT280_16\" \/><\/a><\/li><li><a class=\"\" href=\"https:\/\/marinagrup.es\/wp-content\/uploads\/2024\/05\/InvictusYacht_GT280_15-1024x683.jpg\" data-lightbox=\"lightbox[rel-22170-2712493079]\"><img loading=\"lazy\" decoding=\"async\" width=\"1024\" height=\"683\" src=\"https:\/\/marinagrup.es\/wp-content\/uploads\/2024\/05\/InvictusYacht_GT280_15-1024x683.jpg\" class=\"attachment-large\" alt=\"\" title=\"InvictusYacht_GT280_15\" \/><\/a><\/li><li><a class=\"\" href=\"https:\/\/marinagrup.es\/wp-content\/uploads\/2024\/05\/InvictusYacht_GT280_12-1024x683.jpg\" data-lightbox=\"lightbox[rel-22170-2712493079]\"><img loading=\"lazy\" decoding=\"async\" width=\"1024\" height=\"683\" src=\"https:\/\/marinagrup.es\/wp-content\/uploads\/2024\/05\/InvictusYacht_GT280_12-1024x683.jpg\" class=\"attachment-large\" alt=\"\" title=\"InvictusYacht_GT280_12\" \/><\/a><\/li><li><a class=\"\" href=\"https:\/\/marinagrup.es\/wp-content\/uploads\/2024\/05\/InvictusYacht_GT280_11-1024x683.jpg\" data-lightbox=\"lightbox[rel-22170-2712493079]\"><img loading=\"lazy\" decoding=\"async\" width=\"1024\" height=\"683\" src=\"https:\/\/marinagrup.es\/wp-content\/uploads\/2024\/05\/InvictusYacht_GT280_11-1024x683.jpg\" class=\"attachment-large\" alt=\"\" title=\"InvictusYacht_GT280_11\" \/><\/a><\/li><li><a class=\"\" href=\"https:\/\/marinagrup.es\/wp-content\/uploads\/2024\/05\/InvictusYacht_GT280_10-683x1024.jpg\" data-lightbox=\"lightbox[rel-22170-2712493079]\"><img loading=\"lazy\" decoding=\"async\" width=\"683\" height=\"1024\" src=\"https:\/\/marinagrup.es\/wp-content\/uploads\/2024\/05\/InvictusYacht_GT280_10-683x1024.jpg\" class=\"attachment-large\" alt=\"\" title=\"InvictusYacht_GT280_10\" \/><\/a><\/li><li><a class=\"\" href=\"https:\/\/marinagrup.es\/wp-content\/uploads\/2024\/05\/InvictusYacht_GT280_9-1024x682.jpg\" data-lightbox=\"lightbox[rel-22170-2712493079]\"><img loading=\"lazy\" decoding=\"async\" width=\"1024\" height=\"682\" src=\"https:\/\/marinagrup.es\/wp-content\/uploads\/2024\/05\/InvictusYacht_GT280_9-1024x682.jpg\" class=\"attachment-large\" alt=\"\" title=\"InvictusYacht_GT280_9\" \/><\/a><\/li><li><a class=\"\" href=\"https:\/\/marinagrup.es\/wp-content\/uploads\/2024\/05\/InvictusYacht_GT280_7-1024x682.jpg\" data-lightbox=\"lightbox[rel-22170-2712493079]\"><img loading=\"lazy\" decoding=\"async\" width=\"1024\" height=\"682\" src=\"https:\/\/marinagrup.es\/wp-content\/uploads\/2024\/05\/InvictusYacht_GT280_7-1024x682.jpg\" class=\"attachment-large\" alt=\"\" title=\"InvictusYacht_GT280_7\" \/><\/a><\/li><li><a class=\"\" href=\"https:\/\/marinagrup.es\/wp-content\/uploads\/2024\/05\/InvictusYacht_GT280_5-1024x747.jpg\" data-lightbox=\"lightbox[rel-22170-2712493079]\"><img loading=\"lazy\" decoding=\"async\" width=\"1024\" height=\"747\" src=\"https:\/\/marinagrup.es\/wp-content\/uploads\/2024\/05\/InvictusYacht_GT280_5-1024x747.jpg\" class=\"attachment-large\" alt=\"\" title=\"InvictusYacht_GT280_5\" \/><\/a><\/li><li><a class=\"\" href=\"https:\/\/marinagrup.es\/wp-content\/uploads\/2024\/05\/InvictusYacht_GT280_3-1024x682.jpg\" data-lightbox=\"lightbox[rel-22170-2712493079]\"><img loading=\"lazy\" decoding=\"async\" width=\"1024\" height=\"682\" src=\"https:\/\/marinagrup.es\/wp-content\/uploads\/2024\/05\/InvictusYacht_GT280_3-1024x682.jpg\" class=\"attachment-large\" alt=\"\" title=\"InvictusYacht_GT280_3\" \/><\/a><\/li><li><a class=\"\" href=\"https:\/\/marinagrup.es\/wp-content\/uploads\/2024\/05\/InvictusYacht_GT280_2-683x1024.jpg\" data-lightbox=\"lightbox[rel-22170-2712493079]\"><img loading=\"lazy\" decoding=\"async\" width=\"683\" height=\"1024\" src=\"https:\/\/marinagrup.es\/wp-content\/uploads\/2024\/05\/InvictusYacht_GT280_2-683x1024.jpg\" class=\"attachment-large\" alt=\"\" title=\"InvictusYacht_GT280_2\" \/><\/a><\/li><li><a class=\"\" href=\"https:\/\/marinagrup.es\/wp-content\/uploads\/2024\/05\/InvictusYacht_GT280_1-1024x682.jpg\" data-lightbox=\"lightbox[rel-22170-2712493079]\"><img loading=\"lazy\" decoding=\"async\" width=\"1024\" height=\"682\" src=\"https:\/\/marinagrup.es\/wp-content\/uploads\/2024\/05\/InvictusYacht_GT280_1-1024x682.jpg\" class=\"attachment-large\" alt=\"\" title=\"InvictusYacht_GT280_1\" \/><\/a><\/li><li><a class=\"\" href=\"https:\/\/marinagrup.es\/wp-content\/uploads\/2024\/05\/InvictusYacht_GT280_19-1024x683.jpg\" data-lightbox=\"lightbox[rel-22170-2712493079]\"><img loading=\"lazy\" decoding=\"async\" width=\"1024\" height=\"683\" src=\"https:\/\/marinagrup.es\/wp-content\/uploads\/2024\/05\/InvictusYacht_GT280_19-1024x683.jpg\" class=\"attachment-large\" alt=\"\" title=\"InvictusYacht_GT280_19\" \/><\/a><\/li><\/ul><\/div><\/div><\/div><\/div><\/div><\/div><\/div><div class=\"vc_row-full-width vc_clearfix\"><\/div><div data-vc-full-width=\"true\" data-vc-full-width-init=\"false\" data-vc-stretch-content=\"true\" class=\"vc_row wpb_row vc_row-fluid\"><div class=\"wpb_column vc_column_container vc_col-sm-12 vc_hidden-sm vc_hidden-xs\"><div class=\"vc_column-inner\"><div class=\"wpb_wrapper\"><div class=\"fl-gallery-wrapper\" ><div class=\"row no-gutters fl-gallery fl-magic-popup fl-gallery-popup fl-magnific--popup69dd6a17a9421-6660\"   data-custom-class=\"fl-magnific--popup69dd6a17a9421-6660\"><div class=\"gallery-item col-lg-3 col-sm-6\"><a class=\"s\" href=\"https:\/\/marinagrup.es\/wp-content\/uploads\/2024\/05\/InvictusYacht_GT280_16-scaled.jpg\"><img decoding=\"async\" alt=\"photo\" class=\"img-scale\" src=\"https:\/\/marinagrup.es\/wp-content\/uploads\/2024\/05\/InvictusYacht_GT280_16-scaled.jpg\"\/><\/a><\/div><div class=\"gallery-item col-lg-3 col-sm-6\"><a class=\"s\" href=\"https:\/\/marinagrup.es\/wp-content\/uploads\/2024\/05\/InvictusYacht_GT280_15-scaled.jpg\"><img decoding=\"async\" alt=\"photo\" class=\"img-scale\" src=\"https:\/\/marinagrup.es\/wp-content\/uploads\/2024\/05\/InvictusYacht_GT280_15-scaled.jpg\"\/><\/a><\/div><div class=\"gallery-item col-lg-2 col-sm-6\"><a class=\"s\" href=\"https:\/\/marinagrup.es\/wp-content\/uploads\/2024\/05\/InvictusYacht_GT280_11-scaled.jpg\"><img decoding=\"async\" alt=\"photo\" class=\"img-scale\" src=\"https:\/\/marinagrup.es\/wp-content\/uploads\/2024\/05\/InvictusYacht_GT280_11-scaled.jpg\"\/><\/a><\/div><div class=\"gallery-item col-lg-4 col-sm-6\"><a class=\"s\" href=\"https:\/\/marinagrup.es\/wp-content\/uploads\/2024\/05\/InvictusYacht_GT280_9-scaled.jpg\"><img decoding=\"async\" alt=\"photo\" class=\"img-scale\" src=\"https:\/\/marinagrup.es\/wp-content\/uploads\/2024\/05\/InvictusYacht_GT280_9-scaled.jpg\"\/><\/a><\/div><div class=\"gallery-item col-lg-5 col-sm-6\"><a class=\"s\" href=\"https:\/\/marinagrup.es\/wp-content\/uploads\/2024\/05\/InvictusYacht_GT280_7-scaled.jpg\"><img decoding=\"async\" alt=\"photo\" class=\"img-scale\" src=\"https:\/\/marinagrup.es\/wp-content\/uploads\/2024\/05\/InvictusYacht_GT280_7-scaled.jpg\"\/><\/a><\/div><div class=\"gallery-item col-lg-2 col-sm-6\"><a class=\"s\" href=\"https:\/\/marinagrup.es\/wp-content\/uploads\/2024\/05\/InvictusYacht_GT280_10-scaled.jpg\"><img decoding=\"async\" alt=\"photo\" class=\"img-scale\" src=\"https:\/\/marinagrup.es\/wp-content\/uploads\/2024\/05\/InvictusYacht_GT280_10-scaled.jpg\"\/><\/a><\/div><div class=\"gallery-item col-lg-3 col-sm-6\"><a class=\"s\" href=\"https:\/\/marinagrup.es\/wp-content\/uploads\/2024\/05\/InvictusYacht_GT280_1-scaled.jpg\"><img decoding=\"async\" alt=\"photo\" class=\"img-scale\" src=\"https:\/\/marinagrup.es\/wp-content\/uploads\/2024\/05\/InvictusYacht_GT280_1-scaled.jpg\"\/><\/a><\/div><div class=\"gallery-item col-lg-2 col-sm-6\"><a class=\"s\" href=\"https:\/\/marinagrup.es\/wp-content\/uploads\/2024\/05\/InvictusYacht_GT280_2-scaled.jpg\"><img decoding=\"async\" alt=\"photo\" class=\"img-scale\" src=\"https:\/\/marinagrup.es\/wp-content\/uploads\/2024\/05\/InvictusYacht_GT280_2-scaled.jpg\"\/><\/a><\/div><div class=\"gallery-item col-lg-3 col-sm-6\"><a class=\"s\" href=\"https:\/\/marinagrup.es\/wp-content\/uploads\/2024\/05\/InvictusYacht_GT280_19-scaled.jpg\"><img decoding=\"async\" alt=\"photo\" class=\"img-scale\" src=\"https:\/\/marinagrup.es\/wp-content\/uploads\/2024\/05\/InvictusYacht_GT280_19-scaled.jpg\"\/><\/a><\/div><div class=\"gallery-item col-lg-3 col-sm-6\"><a class=\"s\" href=\"https:\/\/marinagrup.es\/wp-content\/uploads\/2024\/05\/InvictusYacht_GT280_3-scaled.jpg\"><img decoding=\"async\" alt=\"photo\" class=\"img-scale\" src=\"https:\/\/marinagrup.es\/wp-content\/uploads\/2024\/05\/InvictusYacht_GT280_3-scaled.jpg\"\/><\/a><\/div><div class=\"gallery-item col-lg-2 col-sm-6\"><a class=\"s\" href=\"https:\/\/marinagrup.es\/wp-content\/uploads\/2024\/05\/InvictusYacht_GT280_12-scaled.jpg\"><img decoding=\"async\" alt=\"photo\" class=\"img-scale\" src=\"https:\/\/marinagrup.es\/wp-content\/uploads\/2024\/05\/InvictusYacht_GT280_12-scaled.jpg\"\/><\/a><\/div><div class=\"gallery-item col-lg-4 col-sm-6\"><a class=\"s\" href=\"https:\/\/marinagrup.es\/wp-content\/uploads\/2024\/05\/InvictusYacht_GT280_5-scaled.jpg\"><img decoding=\"async\" alt=\"photo\" class=\"img-scale\" src=\"https:\/\/marinagrup.es\/wp-content\/uploads\/2024\/05\/InvictusYacht_GT280_5-scaled.jpg\"\/><\/a><\/div><\/div><\/div><\/div><\/div><\/div><\/div><div class=\"vc_row-full-width vc_clearfix\"><\/div><div data-vc-full-width=\"true\" data-vc-full-width-init=\"false\" data-vc-stretch-content=\"true\" class=\"vc_row wpb_row vc_row-fluid vc_custom_1602209686284 fl-helping-row-responsive-69dd6a17aa1c6-2537 vc_row-no-padding\"><div class=\"wpb_column vc_column_container vc_col-sm-12\"><div class=\"vc_column-inner\"><div class=\"wpb_wrapper\"><div  data-animate-type=\"slideUpIn\" class=\"fl-animated-item-velocity wpb_single_image vc_align_center\">\n                <div class=\"wpb_wrapper vc_figure\">\n\t\t\t        <div class=\"vc_single_image-wrapper\"><img loading=\"lazy\" decoding=\"async\" width=\"1700\" height=\"1202\" src=\"https:\/\/marinagrup.es\/wp-content\/uploads\/2024\/05\/Landing-Invictus-GT280-E.jpg\" class=\"vc_single_image-img attachment-full\" alt=\"\" title=\"Landing-Invictus-GT280-E\" \/><\/div>\n\t\t        <\/div> \n\t\t   <\/div><div  data-animate-type=\"slideUpIn\" class=\"fl-animated-item-velocity wpb_single_image vc_align_center\">\n                <div class=\"wpb_wrapper vc_figure\">\n\t\t\t        <div class=\"vc_single_image-wrapper\"><img loading=\"lazy\" decoding=\"async\" width=\"1700\" height=\"1026\" src=\"https:\/\/marinagrup.es\/wp-content\/uploads\/2024\/05\/Landing-Invictus-GT280-F.jpg\" class=\"vc_single_image-img attachment-full\" alt=\"\" title=\"Landing-Invictus-GT280-F\" \/><\/div>\n\t\t        <\/div> \n\t\t   <\/div><div  data-animate-type=\"slideUpIn\" class=\"fl-animated-item-velocity wpb_single_image vc_align_center\">\n                <div class=\"wpb_wrapper vc_figure\">\n\t\t\t        <div class=\"vc_single_image-wrapper\"><img loading=\"lazy\" decoding=\"async\" width=\"1700\" height=\"1460\" src=\"https:\/\/marinagrup.es\/wp-content\/uploads\/2024\/05\/Landing-Invictus-GT280-G.jpg\" class=\"vc_single_image-img attachment-full\" alt=\"\" title=\"Landing-Invictus-GT280-G\" \/><\/div>\n\t\t        <\/div> \n\t\t   <\/div>\n\t<div class=\"wpb_raw_code wpb_raw_html wpb_content_element\" >\n\t\t<div class=\"wpb_wrapper\">\n\t\t\t<div id=\"masinfo\"><a href=\"#contacto\">Avez-vous besoin de plus d'informations sur ce bateau ?<\/a><\/div>\n\t\t<\/div>\n\t<\/div>\n<\/div><\/div><\/div><\/div><div class=\"vc_row-full-width vc_clearfix\"><\/div><div id=\"contacto\" class=\"vc_row wpb_row vc_row-fluid\"><div class=\"wpb_column vc_column_container vc_col-sm-12\"><div class=\"vc_column-inner\"><div class=\"wpb_wrapper\"><\/div><\/div><\/div><\/div><div class=\"vc_row wpb_row vc_row-fluid\"><div class=\"wpb_column vc_column_container vc_col-sm-12\"><div class=\"vc_column-inner\"><div class=\"wpb_wrapper\"><div class=\"fl-vc-custom-title-container text-left\" ><div class=\"fl-title-vc vc-default-title fl-font-style-bolt\" ><\/p>\n<p style=\"text-align: center;\">CONTACTER<\/p>\n<p><\/div><\/div><div  class=\"vc_wp_text wpb_content_element\"><div class=\"widget widget_text\">\t\t\t<div class=\"textwidget\"><\/p>\n<div class=\"fl_custom_text__block fl-custom-text-664f181c0e5bf-5588 fl-animated-item-velocity animation-complete\" data-animate-type=\"slideRightIn\">\n<p>Si vous souhaitez nous contacter, veuillez envoyer un message \u00e0 info@marinagrup.es ou remplir le formulaire de contact.<\/p>\n<\/div>\n<p>\n<\/div>\n\t\t<\/div><\/div>\n<div class=\"wpcf7 no-js\" id=\"wpcf7-f18221-o1\" lang=\"en-US\" dir=\"ltr\" data-wpcf7-id=\"18221\">\n<div class=\"screen-reader-response\"><p role=\"status\" aria-live=\"polite\" aria-atomic=\"true\"><\/p> <ul><\/ul><\/div>\n<form action=\"\/fr\/wp-json\/wp\/v2\/pages\/22170#wpcf7-f18221-o1\" method=\"post\" class=\"wpcf7-form init\" aria-label=\"Contact form\" novalidate=\"novalidate\" data-status=\"init\" data-trp-original-action=\"\/fr\/wp-json\/wp\/v2\/pages\/22170#wpcf7-f18221-o1\">\n<fieldset class=\"hidden-fields-container\"><input type=\"hidden\" name=\"_wpcf7\" value=\"18221\" \/><input type=\"hidden\" name=\"_wpcf7_version\" value=\"6.1.4\" \/><input type=\"hidden\" name=\"_wpcf7_locale\" value=\"en_US\" \/><input type=\"hidden\" name=\"_wpcf7_unit_tag\" value=\"wpcf7-f18221-o1\" \/><input type=\"hidden\" name=\"_wpcf7_container_post\" value=\"0\" \/><input type=\"hidden\" name=\"_wpcf7_posted_data_hash\" value=\"\" \/><input type=\"hidden\" name=\"_wpcf7_recaptcha_response\" value=\"\" \/>\n<\/fieldset>\n<div class=\"fl-home-page-form\">\n\t<div class=\"row\">\n\t\t<div class=\"input-container double-container col-md-4\">\n\t\t\t<p><span class=\"wpcf7-form-control-wrap\" data-name=\"first-name\"><input size=\"40\" maxlength=\"400\" class=\"wpcf7-form-control wpcf7-text wpcf7-validates-as-required\" aria-required=\"true\" aria-invalid=\"false\" placeholder=\"Nombre*\" value=\"\" type=\"text\" name=\"first-name\" \/><\/span>\n\t\t\t<\/p>\n\t\t<\/div>\n\t\t<div class=\"input-container double-container col-md-4\">\n\t\t\t<p><span class=\"wpcf7-form-control-wrap\" data-name=\"your-email\"><input size=\"40\" maxlength=\"400\" class=\"wpcf7-form-control wpcf7-email wpcf7-validates-as-required wpcf7-text wpcf7-validates-as-email\" aria-required=\"true\" aria-invalid=\"false\" placeholder=\"E-mail*\" value=\"\" type=\"email\" name=\"your-email\" \/><\/span>\n\t\t\t<\/p>\n\t\t<\/div>\n\t\t<div class=\"input-container double-container col-md-4\">\n\t\t\t<p><span class=\"wpcf7-form-control-wrap\" data-name=\"your-phone\"><input size=\"40\" maxlength=\"400\" class=\"wpcf7-form-control wpcf7-tel wpcf7-validates-as-required wpcf7-text wpcf7-validates-as-tel\" aria-required=\"true\" aria-invalid=\"false\" placeholder=\"Tel\u00e9fono*\" value=\"\" type=\"tel\" name=\"your-phone\" \/><\/span>\n\t\t\t<\/p>\n\t\t<\/div>\n\t\t<div class=\"textarea-container col-md-12\">\n\t\t\t<p><span class=\"wpcf7-form-control-wrap\" data-name=\"your-message\"><textarea cols=\"40\" rows=\"10\" maxlength=\"2000\" class=\"wpcf7-form-control wpcf7-textarea\" aria-invalid=\"false\" placeholder=\"Mensaje\" name=\"your-message\"><\/textarea><\/span>\n\t\t\t<\/p>\n\t\t<\/div>\n\t\t<div class=\"submit-btn-container col-12\">\n\t\t\t<p><button type=\"submit\" class=\"fl-font-style-bolt-two default-btn submit-comment\">Envoyer<\/button>\n\t\t\t<\/p>\n\t\t<\/div>\n\t<\/div>\n<\/div><div class=\"wpcf7-response-output\" aria-hidden=\"true\"><\/div>\n<input type=\"hidden\" name=\"trp-form-language\" value=\"fr\"\/><\/form>\n<\/div>\n<\/div><\/div><\/div><\/div>\n<\/div>","protected":false},"excerpt":{"rendered":"<p>\u00bfNECESITA M\u00c1S INFORMACI\u00d3N DE ESTE BARCO? CONT\u00c1CTANOS Si quieres ponerte en contacto con nosotros puedes enviarnos un mensaje mediante este formulario o en info@marinagrup.es ENVIAR<\/p>","protected":false},"author":2,"featured_media":0,"parent":0,"menu_order":0,"comment_status":"closed","ping_status":"closed","template":"","meta":{"_acf_changed":false,"_joinchat":[],"footnotes":""},"class_list":["post-22170","page","type-page","status-publish","hentry"],"acf":[],"_links":{"self":[{"href":"https:\/\/marinagrup.es\/fr\/wp-json\/wp\/v2\/pages\/22170","targetHints":{"allow":["GET"]}}],"collection":[{"href":"https:\/\/marinagrup.es\/fr\/wp-json\/wp\/v2\/pages"}],"about":[{"href":"https:\/\/marinagrup.es\/fr\/wp-json\/wp\/v2\/types\/page"}],"author":[{"embeddable":true,"href":"https:\/\/marinagrup.es\/fr\/wp-json\/wp\/v2\/users\/2"}],"replies":[{"embeddable":true,"href":"https:\/\/marinagrup.es\/fr\/wp-json\/wp\/v2\/comments?post=22170"}],"version-history":[{"count":22,"href":"https:\/\/marinagrup.es\/fr\/wp-json\/wp\/v2\/pages\/22170\/revisions"}],"predecessor-version":[{"id":22210,"href":"https:\/\/marinagrup.es\/fr\/wp-json\/wp\/v2\/pages\/22170\/revisions\/22210"}],"wp:attachment":[{"href":"https:\/\/marinagrup.es\/fr\/wp-json\/wp\/v2\/media?parent=22170"}],"curies":[{"name":"wp","href":"https:\/\/api.w.org\/{rel}","templated":true}]}}