{"id":22215,"date":"2024-06-19T05:08:47","date_gmt":"2024-06-19T05:08:47","guid":{"rendered":"https:\/\/marinagrup.es\/?page_id=22215"},"modified":"2024-06-19T07:38:51","modified_gmt":"2024-06-19T07:38:51","slug":"stock","status":"publish","type":"page","link":"https:\/\/marinagrup.es\/fr\/stock\/","title":{"rendered":"BARCOS INVICTUS EN STOCK. ENTREGA INMEDIATA. PRECIO\u00a0REDUCIDO"},"content":{"rendered":"<div class=\"wpb-content-wrapper\"><div data-vc-full-width=\"true\" data-vc-full-width-init=\"false\" data-vc-stretch-content=\"true\" class=\"vc_row wpb_row vc_row-fluid\"><div class=\"wpb_column vc_column_container vc_col-sm-12\"><div class=\"vc_column-inner\"><div class=\"wpb_wrapper\"><div class=\"fl_custom_text__block fl-custom-text-69f397107a7b9-711\" ><p style=\"text-align: center;\">Disponemos de estas unidades en stock para que disfrutes navegando con\u00a0INVICTUS\u00a0YATCH<\/p>\n<\/div><div class=\"vc_empty_space\"   style=\"height: 50px\"><span class=\"vc_empty_space_inner\"><\/span><\/div><div class=\"vc_empty_space\"   style=\"height: 32px\"><span class=\"vc_empty_space_inner\"><\/span><\/div>            <div class=\"fl-resent-cars-vc fl-vc-car-btn-69f397107acf15128 style_two\" >\n                <div class=\"vc-cars-wrapper\" >\n                                                                        <div class=\"car-post-vc col-xl-4 col-md-6 style-two\">\n                                <div class=\"slider-grid__inner slider-grid__inner_mod-b\">\n                                    <div class=\"card__img\">\n                                        <a href=\"https:\/\/marinagrup.es\/fr\/boat\/invictus-yacht-gt280-stock-barcelona\/\"><img decoding=\"async\" src=\"https:\/\/marinagrup.es\/wp-content\/uploads\/2024\/05\/IMG_5117-copia-720x600.jpg\" class=\"img-responsive wp-post-image\" alt=\"\" \/><\/a>                                                                            <\/div>\n                                    <div class=\"tmpl-gray-footer\">\n                                        <div class=\"top-info-content\">\n                                    <span class=\"tmpl-slider-grid__name fl-font-style-bolt\">\n                                        <a class=\"fl-third-color-hv\" href=\"https:\/\/marinagrup.es\/fr\/boat\/invictus-yacht-gt280-stock-barcelona\/\">INVICTUS YACHT GT280 &#8211; PROMO EX-DEMO-<\/a>                                    <\/span>\n                                            \n                                        <\/div>\n                                        <div class=\"footer-description-wrap\">\n                                            <div class=\"entry-content\">\n                                                <div class=\"description-item\"><div class=\"left-content\"><i class=\"fa fa-arrows-h\"><\/i><\/div><div class=\"right-content\">8,9<\/div><\/div><div class=\"description-item\"><div class=\"left-content\"><i class=\"fa fa-user\"><\/i><\/div><div class=\"right-content\">8\/10 PAX<\/div><\/div><div class=\"description-item\"><div class=\"left-content\"><i class=\"fa fa-cog\"><\/i><\/div><div class=\"right-content\"> 1 x Volvo Penta V8 350CV<\/div><\/div>                                            <\/div>\n                                        <\/div>\n                                    <\/div>\n                                <\/div>\n                            <\/div>\n                                                                                                <div class=\"car-post-vc col-xl-4 col-md-6 style-two\">\n                                <div class=\"slider-grid__inner slider-grid__inner_mod-b\">\n                                    <div class=\"card__img\">\n                                        <a href=\"https:\/\/marinagrup.es\/fr\/boat\/capoforte-fx190-49-500-e-iva\/\"><img decoding=\"async\" src=\"https:\/\/marinagrup.es\/wp-content\/uploads\/2024\/02\/VENDIDA-720x600.jpg\" class=\"img-responsive wp-post-image\" alt=\"\" \/><\/a>                                        <span class=\"slider-grid__price_wrap fl-font-style-bolt\"><span class=\"slider-grid__price\"><span class=\"before-price-text\"><\/span>&#8364;48,300<span class=\"after-price-text\"><\/span><\/span><\/span>                                    <\/div>\n                                    <div class=\"tmpl-gray-footer\">\n                                        <div class=\"top-info-content\">\n                                    <span class=\"tmpl-slider-grid__name fl-font-style-bolt\">\n                                        <a class=\"fl-third-color-hv\" href=\"https:\/\/marinagrup.es\/fr\/boat\/capoforte-fx190-49-500-e-iva\/\">CAPOFORTE FX190 48.300 \u20ac IVA INLCUIDO<\/a>                                    <\/span>\n                                            \n                                        <\/div>\n                                        <div class=\"footer-description-wrap\">\n                                            <div class=\"entry-content\">\n                                                <div class=\"description-item\"><div class=\"left-content\"><i class=\"fa fa-arrows-h\"><\/i><\/div><div class=\"right-content\">6,10<\/div><\/div><div class=\"description-item\"><div class=\"left-content\"><i class=\"fa fa-user\"><\/i><\/div><div class=\"right-content\">8 PAX<\/div><\/div><div class=\"description-item\"><div class=\"left-content\"><i class=\"fa fa-cog\"><\/i><\/div><div class=\"right-content\">HONDA 115 CV<\/div><\/div>                                            <\/div>\n                                        <\/div>\n                                    <\/div>\n                                <\/div>\n                            <\/div>\n                                                                                                <div class=\"car-post-vc col-xl-4 col-md-6 style-two\">\n                                <div class=\"slider-grid__inner slider-grid__inner_mod-b\">\n                                    <div class=\"card__img\">\n                                        <a href=\"https:\/\/marinagrup.es\/fr\/boat\/invictus-yacht-gt320-primavera-2023\/\"><img decoding=\"async\" src=\"https:\/\/marinagrup.es\/wp-content\/uploads\/2023\/03\/IMG_5119-720x600.jpg\" class=\"img-responsive wp-post-image\" alt=\"\" \/><\/a>                                        <span class=\"slider-grid__price_wrap fl-font-style-bolt\"><span class=\"slider-grid__price\"><span class=\"before-price-text\"><\/span>&#8364;287,500<span class=\"after-price-text\"><\/span><\/span><\/span>                                    <\/div>\n                                    <div class=\"tmpl-gray-footer\">\n                                        <div class=\"top-info-content\">\n                                    <span class=\"tmpl-slider-grid__name fl-font-style-bolt\">\n                                        <a class=\"fl-third-color-hv\" href=\"https:\/\/marinagrup.es\/fr\/boat\/invictus-yacht-gt320-primavera-2023\/\">INVICTUS YACHT GT320<\/a>                                    <\/span>\n                                            \n                                        <\/div>\n                                        <div class=\"footer-description-wrap\">\n                                            <div class=\"entry-content\">\n                                                <div class=\"description-item\"><div class=\"left-content\"><i class=\"fa fa-arrows-h\"><\/i><\/div><div class=\"right-content\">9,97<\/div><\/div><div class=\"description-item\"><div class=\"left-content\"><i class=\"fa fa-user\"><\/i><\/div><div class=\"right-content\">12 PAX<\/div><\/div><div class=\"description-item\"><div class=\"left-content\"><i class=\"fa fl-vc-custom-i-026-tools-and-utensils\"><\/i><\/div><div class=\"right-content\">2 x Volvo Penta V8 350CV<\/div><\/div>                                            <\/div>\n                                        <\/div>\n                                    <\/div>\n                                <\/div>\n                            <\/div>\n                                                            <\/div>\n                <div class=\"cf\"><\/div>\n                <div class=\"button-vc-car-wrapper text-center cf\">\n                    <div class=\"fl-pagination button-container\" data-animation=\"true\"><span class=\"fl-vc-button fl-font-style-bolt-two\" >SHOW MORE<\/span><\/div>                <\/div>\n            <\/div>\n\n\n        <\/div><\/div><\/div><\/div><div class=\"vc_row-full-width vc_clearfix\"><\/div><div class=\"vc_row wpb_row vc_row-fluid\"><div class=\"wpb_column vc_column_container vc_col-sm-12\"><div class=\"vc_column-inner\"><div class=\"wpb_wrapper\">\n\t<div class=\"wpb_raw_code wpb_raw_html wpb_content_element\" >\n\t\t<div class=\"wpb_wrapper\">\n\t\t\t<div id=\"masinfo\"><a href=\"https:\/\/www.barcosinvictus.com\/#contacto\">Avez-vous besoin de plus d'informations sur ce bateau ?<\/a><\/div>\n\t\t<\/div>\n\t<\/div>\n<\/div><\/div><\/div><\/div>\n<\/div>","protected":false},"excerpt":{"rendered":"<p>El GT 320 se sit\u00faa exactamente entre sus hermanos, el GT 370 y el GT 280, como combinaci\u00f3n de sus caracter\u00edsticas predominantes, una s\u00edntesis ideal para aquellos a quienes no les gusta hacer concesiones. Los propietarios m\u00e1s exigentes, atentos al estilo, al confort y a las prestaciones, no tendr\u00e1n renunciar a cualquier cosa. PVP 287.500 <\/p>","protected":false},"author":2,"featured_media":0,"parent":0,"menu_order":0,"comment_status":"closed","ping_status":"closed","template":"","meta":{"_acf_changed":false,"_joinchat":[],"footnotes":""},"class_list":["post-22215","page","type-page","status-publish","hentry"],"acf":[],"_links":{"self":[{"href":"https:\/\/marinagrup.es\/fr\/wp-json\/wp\/v2\/pages\/22215","targetHints":{"allow":["GET"]}}],"collection":[{"href":"https:\/\/marinagrup.es\/fr\/wp-json\/wp\/v2\/pages"}],"about":[{"href":"https:\/\/marinagrup.es\/fr\/wp-json\/wp\/v2\/types\/page"}],"author":[{"embeddable":true,"href":"https:\/\/marinagrup.es\/fr\/wp-json\/wp\/v2\/users\/2"}],"replies":[{"embeddable":true,"href":"https:\/\/marinagrup.es\/fr\/wp-json\/wp\/v2\/comments?post=22215"}],"version-history":[{"count":8,"href":"https:\/\/marinagrup.es\/fr\/wp-json\/wp\/v2\/pages\/22215\/revisions"}],"predecessor-version":[{"id":22226,"href":"https:\/\/marinagrup.es\/fr\/wp-json\/wp\/v2\/pages\/22215\/revisions\/22226"}],"wp:attachment":[{"href":"https:\/\/marinagrup.es\/fr\/wp-json\/wp\/v2\/media?parent=22215"}],"curies":[{"name":"wp","href":"https:\/\/api.w.org\/{rel}","templated":true}]}}